{"id":155,"date":"2021-01-02T17:11:16","date_gmt":"2021-01-02T16:11:16","guid":{"rendered":"https:\/\/coindescerises.org\/?page_id=155"},"modified":"2025-12-05T10:38:23","modified_gmt":"2025-12-05T09:38:23","slug":"contacts","status":"publish","type":"page","link":"https:\/\/coindescerises.org\/index.php\/contacts\/","title":{"rendered":"Contacts"},"content":{"rendered":"\t\t<div data-elementor-type=\"wp-page\" data-elementor-id=\"155\" class=\"elementor elementor-155\">\n\t\t\t\t\t\t<section class=\"elementor-section elementor-top-section elementor-element elementor-element-3e0ed4d elementor-section-boxed elementor-section-height-default elementor-section-height-default\" data-id=\"3e0ed4d\" data-element_type=\"section\" data-e-type=\"section\">\n\t\t\t\t\t\t<div class=\"elementor-container elementor-column-gap-default\">\n\t\t\t\t\t<div class=\"elementor-column elementor-col-100 elementor-top-column elementor-element elementor-element-d662a7d\" data-id=\"d662a7d\" data-element_type=\"column\" data-e-type=\"column\">\n\t\t\t<div class=\"elementor-widget-wrap elementor-element-populated\">\n\t\t\t\t\t\t<div class=\"elementor-element elementor-element-05a122a elementor-widget elementor-widget-heading\" data-id=\"05a122a\" data-element_type=\"widget\" data-e-type=\"widget\" data-widget_type=\"heading.default\">\n\t\t\t\t<div class=\"elementor-widget-container\">\n\t\t\t\t\t<h2 class=\"elementor-heading-title elementor-size-default\">Contactez-nous !<\/h2>\t\t\t\t<\/div>\n\t\t\t\t<\/div>\n\t\t\t\t\t<\/div>\n\t\t<\/div>\n\t\t\t\t\t<\/div>\n\t\t<\/section>\n\t\t\t\t<section class=\"elementor-section elementor-top-section elementor-element elementor-element-ee740f2 elementor-section-boxed elementor-section-height-default elementor-section-height-default\" data-id=\"ee740f2\" data-element_type=\"section\" data-e-type=\"section\">\n\t\t\t\t\t\t<div class=\"elementor-container elementor-column-gap-default\">\n\t\t\t\t\t<div class=\"elementor-column elementor-col-100 elementor-top-column elementor-element elementor-element-7f1273f\" data-id=\"7f1273f\" data-element_type=\"column\" data-e-type=\"column\">\n\t\t\t<div class=\"elementor-widget-wrap\">\n\t\t\t\t\t\t\t<\/div>\n\t\t<\/div>\n\t\t\t\t\t<\/div>\n\t\t<\/section>\n\t\t\t\t<section class=\"elementor-section elementor-top-section elementor-element elementor-element-f68cb7f elementor-section-boxed elementor-section-height-default elementor-section-height-default\" data-id=\"f68cb7f\" data-element_type=\"section\" data-e-type=\"section\">\n\t\t\t\t\t\t<div class=\"elementor-container elementor-column-gap-default\">\n\t\t\t\t\t<div class=\"elementor-column elementor-col-50 elementor-top-column elementor-element elementor-element-39619a2\" data-id=\"39619a2\" data-element_type=\"column\" data-e-type=\"column\">\n\t\t\t<div class=\"elementor-widget-wrap elementor-element-populated\">\n\t\t\t\t\t\t<div class=\"elementor-element elementor-element-86a438b elementor-widget elementor-widget-spacer\" data-id=\"86a438b\" data-element_type=\"widget\" data-e-type=\"widget\" data-widget_type=\"spacer.default\">\n\t\t\t\t<div class=\"elementor-widget-container\">\n\t\t\t\t\t\t\t<div class=\"elementor-spacer\">\n\t\t\t<div class=\"elementor-spacer-inner\"><\/div>\n\t\t<\/div>\n\t\t\t\t\t\t<\/div>\n\t\t\t\t<\/div>\n\t\t\t\t<div class=\"elementor-element elementor-element-8858dae elementor-alert-info elementor-widget elementor-widget-alert\" data-id=\"8858dae\" data-element_type=\"widget\" data-e-type=\"widget\" data-widget_type=\"alert.default\">\n\t\t\t\t<div class=\"elementor-widget-container\">\n\t\t\t\t\t\t\t<div class=\"elementor-alert\" role=\"alert\">\n\n\t\t\t\t\t\t<span class=\"elementor-alert-title\">Pour les prises de rendez-vous<\/span>\n\t\t\t\n\t\t\t\t\t\t<span class=\"elementor-alert-description\">De pr\u00e9f\u00e9rence, appelez-nous au 02\/241.16.67<\/span>\n\t\t\t\n\t\t\t\t\t\t<button type=\"button\" class=\"elementor-alert-dismiss\" aria-label=\"Ignorer cette alerte.\">\n\t\t\t\t\t\t\t\t\t<span aria-hidden=\"true\">&times;<\/span>\n\t\t\t\t\t\t\t<\/button>\n\t\t\t\n\t\t<\/div>\n\t\t\t\t\t\t<\/div>\n\t\t\t\t<\/div>\n\t\t\t\t<div class=\"elementor-element elementor-element-51409c6 elementor-widget elementor-widget-text-editor\" data-id=\"51409c6\" data-element_type=\"widget\" data-e-type=\"widget\" data-widget_type=\"text-editor.default\">\n\t\t\t\t<div class=\"elementor-widget-container\">\n\t\t\t\t\t\t\t\t\t<p><strong><span style=\"color: #7e6e45;\">Nous \u00e9coutons toujours les messages t\u00e9l\u00e9phoniques mais vous pouvez aussi nous joindre par e-mail: accueil.secretariat@coindescerises.be<\/span><\/strong><\/p>\t\t\t\t\t\t\t\t<\/div>\n\t\t\t\t<\/div>\n\t\t\t\t\t<\/div>\n\t\t<\/div>\n\t\t\t\t<div class=\"elementor-column elementor-col-50 elementor-top-column elementor-element elementor-element-33ef86b\" data-id=\"33ef86b\" data-element_type=\"column\" data-e-type=\"column\">\n\t\t\t<div class=\"elementor-widget-wrap elementor-element-populated\">\n\t\t\t\t\t\t<div class=\"elementor-element elementor-element-d9a509f elementor-alert-info elementor-widget elementor-widget-alert\" data-id=\"d9a509f\" data-element_type=\"widget\" data-e-type=\"widget\" data-widget_type=\"alert.default\">\n\t\t\t\t<div class=\"elementor-widget-container\">\n\t\t\t\t\t\t\t<div class=\"elementor-alert\" role=\"alert\">\n\n\t\t\t\t\t\t<span class=\"elementor-alert-title\">Nous sommes accessibles (sauf jours f\u00e9ri\u00e9s et vacances)<\/span>\n\t\t\t\n\t\t\t\t\t\t<span class=\"elementor-alert-description\">lundi :    9h00  - 18h00<br>mardi :  9h00 - 18h00<br>mercredi :  9h00 - 18h00<br>jeudi :    9h00 - 17h00<br>vendredi :   9h30 - 17h00<br>samedi :   9h00 - 13h00\n<\/span>\n\t\t\t\n\t\t\t\t\t\t<button type=\"button\" class=\"elementor-alert-dismiss\" aria-label=\"Ignorer cette alerte.\">\n\t\t\t\t\t\t\t\t\t<span aria-hidden=\"true\">&times;<\/span>\n\t\t\t\t\t\t\t<\/button>\n\t\t\t\n\t\t<\/div>\n\t\t\t\t\t\t<\/div>\n\t\t\t\t<\/div>\n\t\t\t\t<div class=\"elementor-element elementor-element-16c87b4 elementor-widget elementor-widget-text-editor\" data-id=\"16c87b4\" data-element_type=\"widget\" data-e-type=\"widget\" data-widget_type=\"text-editor.default\">\n\t\t\t\t<div class=\"elementor-widget-container\">\n\t\t\t\t\t\t\t\t\t<p style=\"text-align: left;\">Avenue des Croix de l\u2019Yser 5<br \/>1120 Bruxelles<\/p><p style=\"text-align: left;\"><strong>T\u00e9l : <span style=\"color: #3366ff;\">02\/241.16.67<\/span><\/strong><br \/><strong>E-mail :<\/strong>\u00a0<strong><span style=\"color: #3366ff;\">accueil.secretariat@coindescerises.be<\/span><\/strong><\/p><p style=\"text-align: left;\"><strong>Bus: <span style=\"color: #ff6600;\">47<\/span> <\/strong>et<strong><span style=\"color: #ff6600;\"> 53<\/span><\/strong> arr\u00eat (Peter Beno\u00eet)<br \/><strong>Tram:<\/strong>\u00a0<span style=\"color: #00ccff;\"><strong>10<\/strong><\/span> (arr\u00eat Peter Beno\u00eet)\u00a0 &#8211;\u00a0\u00a0<span style=\"font-family: var( --e-global-typography-text-font-family ), Sans-serif; font-weight: var( --e-global-typography-text-font-weight ); word-spacing: normal;\"><span style=\"color: #00ccff;\"><strong>7 <\/strong><\/span>&amp;<span style=\"color: #00ccff;\"><strong> 35<\/strong><\/span> (arr\u00eat Heembeek)<\/span><\/p>\t\t\t\t\t\t\t\t<\/div>\n\t\t\t\t<\/div>\n\t\t\t\t<div class=\"elementor-element elementor-element-208c3af elementor-widget elementor-widget-google_maps\" data-id=\"208c3af\" data-element_type=\"widget\" data-e-type=\"widget\" data-widget_type=\"google_maps.default\">\n\t\t\t\t<div class=\"elementor-widget-container\">\n\t\t\t\t\t\t\t<div class=\"elementor-custom-embed\">\n\t\t\t<iframe loading=\"lazy\"\n\t\t\t\t\tsrc=\"https:\/\/maps.google.com\/maps?q=Avenue%20des%20Croix%20de%20l%E2%80%99Yser%205&#038;t=m&#038;z=17&#038;output=embed&#038;iwloc=near\"\n\t\t\t\t\ttitle=\"Avenue des Croix de l\u2019Yser 5\"\n\t\t\t\t\taria-label=\"Avenue des Croix de l\u2019Yser 5\"\n\t\t\t><\/iframe>\n\t\t<\/div>\n\t\t\t\t\t\t<\/div>\n\t\t\t\t<\/div>\n\t\t\t\t\t<\/div>\n\t\t<\/div>\n\t\t\t\t\t<\/div>\n\t\t<\/section>\n\t\t\t\t<\/div>\n\t\t","protected":false},"excerpt":{"rendered":"<p>Contactez-nous ! Pour les prises de rendez-vous De pr\u00e9f\u00e9rence, appelez-nous au 02\/241.16.67 &times; Nous \u00e9coutons toujours les messages t\u00e9l\u00e9phoniques mais vous pouvez aussi nous joindre par e-mail: accueil.secretariat@coindescerises.be Nous sommes accessibles (sauf jours f\u00e9ri\u00e9s et vacances) lundi : 9h00 &#8211; 18h00mardi : 9h00 &#8211; 18h00mercredi : 9h00 &#8211; 18h00jeudi : 9h00 &#8211; 17h00vendredi : 9h30 &#8211; 17h00samedi : 9h00 &#8211; 13h00 &times; Avenue des Croix de l\u2019Yser 51120 Bruxelles T\u00e9l : 02\/241.16.67E-mail :\u00a0accueil.secretariat@coindescerises.be Bus: 47 et 53 arr\u00eat (Peter Beno\u00eet)Tram:\u00a010 (arr\u00eat Peter Beno\u00eet)\u00a0 &#8211;\u00a0\u00a07 &amp; 35 (arr\u00eat Heembeek)<\/p>\n","protected":false},"author":2,"featured_media":0,"parent":0,"menu_order":0,"comment_status":"closed","ping_status":"closed","template":"","meta":{"footnotes":""},"class_list":["post-155","page","type-page","status-publish"],"jetpack_sharing_enabled":true,"_links":{"self":[{"href":"https:\/\/coindescerises.org\/index.php\/wp-json\/wp\/v2\/pages\/155"}],"collection":[{"href":"https:\/\/coindescerises.org\/index.php\/wp-json\/wp\/v2\/pages"}],"about":[{"href":"https:\/\/coindescerises.org\/index.php\/wp-json\/wp\/v2\/types\/page"}],"author":[{"embeddable":true,"href":"https:\/\/coindescerises.org\/index.php\/wp-json\/wp\/v2\/users\/2"}],"replies":[{"embeddable":true,"href":"https:\/\/coindescerises.org\/index.php\/wp-json\/wp\/v2\/comments?post=155"}],"version-history":[{"count":73,"href":"https:\/\/coindescerises.org\/index.php\/wp-json\/wp\/v2\/pages\/155\/revisions"}],"predecessor-version":[{"id":2872,"href":"https:\/\/coindescerises.org\/index.php\/wp-json\/wp\/v2\/pages\/155\/revisions\/2872"}],"wp:attachment":[{"href":"https:\/\/coindescerises.org\/index.php\/wp-json\/wp\/v2\/media?parent=155"}],"curies":[{"name":"wp","href":"https:\/\/api.w.org\/{rel}","templated":true}]}}